{"id":2826,"date":"2024-09-23T11:29:00","date_gmt":"2024-09-23T14:29:00","guid":{"rendered":"https:\/\/codeencalada.cl\/?page_id=2826"},"modified":"2024-09-23T11:30:44","modified_gmt":"2024-09-23T14:30:44","slug":"acto-de-la-chilenidad","status":"publish","type":"page","link":"https:\/\/codeencalada.cl\/index.php\/acto-de-la-chilenidad\/","title":{"rendered":"ACTO DE LA CHILENIDAD"},"content":{"rendered":"\t\t<div data-elementor-type=\"wp-page\" data-elementor-id=\"2826\" class=\"elementor elementor-2826\">\n\t\t\t\t\t\t<section class=\"elementor-section elementor-top-section elementor-element elementor-element-305a364 elementor-section-boxed elementor-section-height-default elementor-section-height-default\" data-id=\"305a364\" data-element_type=\"section\" data-e-type=\"section\">\n\t\t\t\t\t\t<div class=\"elementor-container elementor-column-gap-default\">\n\t\t\t\t\t<div class=\"elementor-column elementor-col-100 elementor-top-column elementor-element elementor-element-3bbe345\" data-id=\"3bbe345\" data-element_type=\"column\" data-e-type=\"column\">\n\t\t\t<div class=\"elementor-widget-wrap elementor-element-populated\">\n\t\t\t\t\t\t<div class=\"elementor-element elementor-element-18dcc7b elementor-widget elementor-widget-heading\" data-id=\"18dcc7b\" data-element_type=\"widget\" data-e-type=\"widget\" data-widget_type=\"heading.default\">\n\t\t\t\t\t<h2 class=\"elementor-heading-title elementor-size-default\">ACTO DE LA CHILENIDAD<\/h2>\t\t\t\t<\/div>\n\t\t\t\t\t<\/div>\n\t\t<\/div>\n\t\t\t\t\t<\/div>\n\t\t<\/section>\n\t\t\t\t<section class=\"elementor-section elementor-top-section elementor-element elementor-element-c53da44 elementor-section-boxed elementor-section-height-default elementor-section-height-default\" data-id=\"c53da44\" data-element_type=\"section\" data-e-type=\"section\">\n\t\t\t\t\t\t<div class=\"elementor-container elementor-column-gap-default\">\n\t\t\t\t\t<div class=\"elementor-column elementor-col-100 elementor-top-column elementor-element elementor-element-537ab71\" data-id=\"537ab71\" data-element_type=\"column\" data-e-type=\"column\">\n\t\t\t<div class=\"elementor-widget-wrap elementor-element-populated\">\n\t\t\t\t\t\t<div class=\"elementor-element elementor-element-48d98fc elementor-widget elementor-widget-image\" data-id=\"48d98fc\" data-element_type=\"widget\" data-e-type=\"widget\" data-widget_type=\"image.default\">\n\t\t\t\t\t\t\t\t\t\t\t\t\t\t\t<img fetchpriority=\"high\" decoding=\"async\" width=\"740\" height=\"416\" src=\"https:\/\/codeencalada.cl\/wp-content\/uploads\/2024\/09\/Diseno-sin-titulo-1.png\" class=\"attachment-large size-large wp-image-2828\" alt=\"\" \/>\t\t\t\t\t\t\t\t\t\t\t\t\t\t\t<\/div>\n\t\t\t\t\t<\/div>\n\t\t<\/div>\n\t\t\t\t\t<\/div>\n\t\t<\/section>\n\t\t\t\t<section class=\"elementor-section elementor-top-section elementor-element elementor-element-634d22e elementor-section-boxed elementor-section-height-default elementor-section-height-default\" data-id=\"634d22e\" data-element_type=\"section\" data-e-type=\"section\">\n\t\t\t\t\t\t<div class=\"elementor-container elementor-column-gap-default\">\n\t\t\t\t\t<div class=\"elementor-column elementor-col-100 elementor-top-column elementor-element elementor-element-72a1770\" data-id=\"72a1770\" data-element_type=\"column\" data-e-type=\"column\">\n\t\t\t<div class=\"elementor-widget-wrap elementor-element-populated\">\n\t\t\t\t\t\t<div class=\"elementor-element elementor-element-25b40c2 elementor-widget elementor-widget-text-editor\" data-id=\"25b40c2\" data-element_type=\"widget\" data-e-type=\"widget\" data-widget_type=\"text-editor.default\">\n\t\t\t\t\t\t\t\t\t<div class=\"flex-shrink-0 flex flex-col relative items-end\"><div><div class=\"pt-0\"><div class=\"gizmo-bot-avatar flex h-8 w-8 items-center justify-center overflow-hidden rounded-full\"><div class=\"relative p-1 rounded-sm flex items-center justify-center bg-token-main-surface-primary text-token-text-primary h-8 w-8\">\u00a0<\/div><\/div><\/div><\/div><\/div><div class=\"group\/conversation-turn relative flex w-full min-w-0 flex-col agent-turn\"><div class=\"flex-col gap-1 md:gap-3\"><div class=\"flex max-w-full flex-col flex-grow\"><div class=\"min-h-[20px] text-message flex w-full flex-col items-end gap-2 whitespace-normal break-words [.text-message+&amp;]:mt-5\" dir=\"auto\" data-message-author-role=\"assistant\" data-message-id=\"cb28ea84-161d-4762-8619-6d7bc649caff\"><div class=\"flex w-full flex-col gap-1 empty:hidden first:pt-[3px]\"><div class=\"markdown prose w-full break-words dark:prose-invert dark\"><p>Nuestro colegio celebr\u00f3 con orgullo y alegr\u00eda el tradicional Acto de la Chilenidad, una actividad que re\u00fane a toda la comunidad escolar en torno a nuestras ra\u00edces y cultura. Los estudiantes, desde los m\u00e1s peque\u00f1os hasta los mayores, participaron en presentaciones llenas de color y entusiasmo, interpretando bailes t\u00edpicos de las diversas zonas de Chile. Desde la cueca hasta la danza pascuense, el esp\u00edritu de nuestras tradiciones se hizo presente en cada presentaci\u00f3n.<\/p><p>Este acto no solo fortalece el sentido de pertenencia y orgullo por nuestro pa\u00eds, sino tambi\u00e9n la uni\u00f3n de toda la comunidad educativa. Agradecemos a todos los que hicieron posible esta celebraci\u00f3n y por contribuir al \u00e9xito de una jornada inolvidable.<\/p><\/div><\/div><\/div><\/div><\/div><\/div>\t\t\t\t\t\t\t\t<\/div>\n\t\t\t\t\t<\/div>\n\t\t<\/div>\n\t\t\t\t\t<\/div>\n\t\t<\/section>\n\t\t\t\t<section class=\"elementor-section elementor-top-section elementor-element elementor-element-139c397 elementor-section-boxed elementor-section-height-default elementor-section-height-default\" data-id=\"139c397\" data-element_type=\"section\" data-e-type=\"section\">\n\t\t\t\t\t\t<div class=\"elementor-container elementor-column-gap-default\">\n\t\t\t\t\t<div class=\"elementor-column elementor-col-33 elementor-top-column elementor-element elementor-element-17ae344\" data-id=\"17ae344\" data-element_type=\"column\" data-e-type=\"column\">\n\t\t\t<div class=\"elementor-widget-wrap\">\n\t\t\t\t\t\t\t<\/div>\n\t\t<\/div>\n\t\t\t\t<div class=\"elementor-column elementor-col-33 elementor-top-column elementor-element elementor-element-274c384\" data-id=\"274c384\" data-element_type=\"column\" data-e-type=\"column\">\n\t\t\t<div class=\"elementor-widget-wrap elementor-element-populated\">\n\t\t\t\t\t\t<div class=\"elementor-element elementor-element-07e898b elementor-widget elementor-widget-image\" data-id=\"07e898b\" data-element_type=\"widget\" data-e-type=\"widget\" data-widget_type=\"image.default\">\n\t\t\t\t\t\t\t\t\t\t\t\t<figure class=\"wp-caption\">\n\t\t\t\t\t\t\t\t\t\t\t<a href=\"https:\/\/drive.google.com\/drive\/folders\/1Svp4A05MUa25pFa6zlsy2ej42yp7q520?usp=drive_link\" target=\"_blank\">\n\t\t\t\t\t\t\t<img decoding=\"async\" width=\"740\" height=\"620\" src=\"https:\/\/codeencalada.cl\/wp-content\/uploads\/2023\/10\/galeria.png\" class=\"attachment-large size-large wp-image-2246\" alt=\"\" \/>\t\t\t\t\t\t\t\t<\/a>\n\t\t\t\t\t\t\t\t\t\t\t<figcaption class=\"widget-image-caption wp-caption-text\">Fotos del Acto<\/figcaption>\n\t\t\t\t\t\t\t\t\t\t<\/figure>\n\t\t\t\t\t\t\t\t\t<\/div>\n\t\t\t\t\t<\/div>\n\t\t<\/div>\n\t\t\t\t<div class=\"elementor-column elementor-col-33 elementor-top-column elementor-element elementor-element-9e59615\" data-id=\"9e59615\" data-element_type=\"column\" data-e-type=\"column\">\n\t\t\t<div class=\"elementor-widget-wrap\">\n\t\t\t\t\t\t\t<\/div>\n\t\t<\/div>\n\t\t\t\t\t<\/div>\n\t\t<\/section>\n\t\t\t\t<\/div>\n\t\t","protected":false},"excerpt":{"rendered":"<p>ACTO DE LA CHILENIDAD \u00a0 Nuestro colegio celebr\u00f3 con orgullo y alegr\u00eda el tradicional Acto de la Chilenidad, una actividad que re\u00fane a toda la comunidad&#46;&#46;&#46;<\/p>\n","protected":false},"author":1,"featured_media":2828,"parent":0,"menu_order":0,"comment_status":"closed","ping_status":"closed","template":"","meta":{"footnotes":""},"class_list":["post-2826","page","type-page","status-publish","has-post-thumbnail","hentry"],"_links":{"self":[{"href":"https:\/\/codeencalada.cl\/index.php\/wp-json\/wp\/v2\/pages\/2826","targetHints":{"allow":["GET"]}}],"collection":[{"href":"https:\/\/codeencalada.cl\/index.php\/wp-json\/wp\/v2\/pages"}],"about":[{"href":"https:\/\/codeencalada.cl\/index.php\/wp-json\/wp\/v2\/types\/page"}],"author":[{"embeddable":true,"href":"https:\/\/codeencalada.cl\/index.php\/wp-json\/wp\/v2\/users\/1"}],"replies":[{"embeddable":true,"href":"https:\/\/codeencalada.cl\/index.php\/wp-json\/wp\/v2\/comments?post=2826"}],"version-history":[{"count":4,"href":"https:\/\/codeencalada.cl\/index.php\/wp-json\/wp\/v2\/pages\/2826\/revisions"}],"predecessor-version":[{"id":2831,"href":"https:\/\/codeencalada.cl\/index.php\/wp-json\/wp\/v2\/pages\/2826\/revisions\/2831"}],"wp:featuredmedia":[{"embeddable":true,"href":"https:\/\/codeencalada.cl\/index.php\/wp-json\/wp\/v2\/media\/2828"}],"wp:attachment":[{"href":"https:\/\/codeencalada.cl\/index.php\/wp-json\/wp\/v2\/media?parent=2826"}],"curies":[{"name":"wp","href":"https:\/\/api.w.org\/{rel}","templated":true}]}}