{"id":346,"date":"2021-10-12T09:03:22","date_gmt":"2021-10-12T12:03:22","guid":{"rendered":"https:\/\/codeencalada.cl\/?page_id=346"},"modified":"2023-10-11T17:05:09","modified_gmt":"2023-10-11T20:05:09","slug":"profesionales-de-educacion","status":"publish","type":"page","link":"https:\/\/codeencalada.cl\/index.php\/profesionales-de-educacion\/","title":{"rendered":"Profesionales de Educaci\u00f3n"},"content":{"rendered":"\t\t<div data-elementor-type=\"wp-page\" data-elementor-id=\"346\" class=\"elementor elementor-346\">\n\t\t\t\t\t\t<section class=\"elementor-section elementor-top-section elementor-element elementor-element-424d7e7 elementor-section-stretched elementor-section-boxed elementor-section-height-default elementor-section-height-default\" data-id=\"424d7e7\" data-element_type=\"section\" data-e-type=\"section\" data-settings=\"{&quot;stretch_section&quot;:&quot;section-stretched&quot;}\">\n\t\t\t\t\t\t<div class=\"elementor-container elementor-column-gap-default\">\n\t\t\t\t\t<div class=\"elementor-column elementor-col-100 elementor-top-column elementor-element elementor-element-619d01c\" data-id=\"619d01c\" data-element_type=\"column\" data-e-type=\"column\">\n\t\t\t<div class=\"elementor-widget-wrap elementor-element-populated\">\n\t\t\t\t\t\t<div class=\"elementor-element elementor-element-8782eb2 elementor-widget elementor-widget-spacer\" data-id=\"8782eb2\" data-element_type=\"widget\" data-e-type=\"widget\" data-widget_type=\"spacer.default\">\n\t\t\t\t\t\t\t<div class=\"elementor-spacer\">\n\t\t\t<div class=\"elementor-spacer-inner\"><\/div>\n\t\t<\/div>\n\t\t\t\t\t\t<\/div>\n\t\t\t\t<div class=\"elementor-element elementor-element-5f84129 elementor-widget elementor-widget-heading\" data-id=\"5f84129\" data-element_type=\"widget\" data-e-type=\"widget\" data-widget_type=\"heading.default\">\n\t\t\t\t\t<h2 class=\"elementor-heading-title elementor-size-large\">Equipo Multidisciplinario<\/h2>\t\t\t\t<\/div>\n\t\t\t\t<div class=\"elementor-element elementor-element-f08abde elementor-widget elementor-widget-spacer\" data-id=\"f08abde\" data-element_type=\"widget\" data-e-type=\"widget\" data-widget_type=\"spacer.default\">\n\t\t\t\t\t\t\t<div class=\"elementor-spacer\">\n\t\t\t<div class=\"elementor-spacer-inner\"><\/div>\n\t\t<\/div>\n\t\t\t\t\t\t<\/div>\n\t\t\t\t\t<\/div>\n\t\t<\/div>\n\t\t\t\t\t<\/div>\n\t\t<\/section>\n\t\t\t\t<section class=\"elementor-section elementor-top-section elementor-element elementor-element-f25178d elementor-section-stretched elementor-section-boxed elementor-section-height-default elementor-section-height-default\" data-id=\"f25178d\" data-element_type=\"section\" data-e-type=\"section\" data-settings=\"{&quot;stretch_section&quot;:&quot;section-stretched&quot;}\">\n\t\t\t\t\t\t<div class=\"elementor-container elementor-column-gap-default\">\n\t\t\t\t\t<div class=\"elementor-column elementor-col-33 elementor-top-column elementor-element elementor-element-e72539c\" data-id=\"e72539c\" data-element_type=\"column\" data-e-type=\"column\">\n\t\t\t<div class=\"elementor-widget-wrap elementor-element-populated\">\n\t\t\t\t\t\t<div class=\"elementor-element elementor-element-2ef9c73 elementor-widget elementor-widget-image\" data-id=\"2ef9c73\" data-element_type=\"widget\" data-e-type=\"widget\" data-widget_type=\"image.default\">\n\t\t\t\t\t\t\t\t\t\t\t\t\t\t\t<img fetchpriority=\"high\" decoding=\"async\" width=\"740\" height=\"555\" src=\"https:\/\/codeencalada.cl\/wp-content\/uploads\/2023\/03\/IMG_0176.jpg\" class=\"attachment-large size-large wp-image-1633\" alt=\"\" \/>\t\t\t\t\t\t\t\t\t\t\t\t\t\t\t<\/div>\n\t\t\t\t<div class=\"elementor-element elementor-element-e3365ee elementor-widget elementor-widget-text-editor\" data-id=\"e3365ee\" data-element_type=\"widget\" data-e-type=\"widget\" data-widget_type=\"text-editor.default\">\n\t\t\t\t\t\t\t\t\t<p style=\"text-align: center;\">Catalina Medina\u00a0<\/p><p style=\"text-align: center;\"><strong>Fonoaudi\u00f3loga<\/strong><\/p>\t\t\t\t\t\t\t\t<\/div>\n\t\t\t\t\t<\/div>\n\t\t<\/div>\n\t\t\t\t<div class=\"elementor-column elementor-col-33 elementor-top-column elementor-element elementor-element-5948bb7\" data-id=\"5948bb7\" data-element_type=\"column\" data-e-type=\"column\">\n\t\t\t<div class=\"elementor-widget-wrap elementor-element-populated\">\n\t\t\t\t\t\t<div class=\"elementor-element elementor-element-1e88877 elementor-widget elementor-widget-image\" data-id=\"1e88877\" data-element_type=\"widget\" data-e-type=\"widget\" data-widget_type=\"image.default\">\n\t\t\t\t\t\t\t\t\t\t\t\t\t\t\t<img decoding=\"async\" width=\"740\" height=\"555\" src=\"https:\/\/codeencalada.cl\/wp-content\/uploads\/2022\/09\/seba_1.jpg\" class=\"attachment-large size-large wp-image-1188\" alt=\"\" \/>\t\t\t\t\t\t\t\t\t\t\t\t\t\t\t<\/div>\n\t\t\t\t<div class=\"elementor-element elementor-element-b024c53 elementor-widget elementor-widget-text-editor\" data-id=\"b024c53\" data-element_type=\"widget\" data-e-type=\"widget\" data-widget_type=\"text-editor.default\">\n\t\t\t\t\t\t\t\t\t<p style=\"text-align: center;\">Sebasti\u00e1n Vergara Ruiz<br \/><strong>Kinesi\u00f3logo<\/strong><\/p>\t\t\t\t\t\t\t\t<\/div>\n\t\t\t\t\t<\/div>\n\t\t<\/div>\n\t\t\t\t<div class=\"elementor-column elementor-col-33 elementor-top-column elementor-element elementor-element-06429e2\" data-id=\"06429e2\" data-element_type=\"column\" data-e-type=\"column\">\n\t\t\t<div class=\"elementor-widget-wrap elementor-element-populated\">\n\t\t\t\t\t\t<div class=\"elementor-element elementor-element-8e294e9 elementor-widget elementor-widget-image\" data-id=\"8e294e9\" data-element_type=\"widget\" data-e-type=\"widget\" data-widget_type=\"image.default\">\n\t\t\t\t\t\t\t\t\t\t\t\t\t\t\t<img decoding=\"async\" width=\"740\" height=\"555\" src=\"https:\/\/codeencalada.cl\/wp-content\/uploads\/2023\/10\/IMG_9612-1.jpg\" class=\"attachment-large size-large wp-image-2229\" alt=\"\" \/>\t\t\t\t\t\t\t\t\t\t\t\t\t\t\t<\/div>\n\t\t\t\t<div class=\"elementor-element elementor-element-ca8b726 elementor-widget elementor-widget-text-editor\" data-id=\"ca8b726\" data-element_type=\"widget\" data-e-type=\"widget\" data-widget_type=\"text-editor.default\">\n\t\t\t\t\t\t\t\t\t<p style=\"text-align: center;\">Angela P\u00e9rez \u00c1vila<br><b>Psic\u00f3loga P.I.E<\/b><\/p>\t\t\t\t\t\t\t\t<\/div>\n\t\t\t\t\t<\/div>\n\t\t<\/div>\n\t\t\t\t\t<\/div>\n\t\t<\/section>\n\t\t\t\t<section class=\"elementor-section elementor-top-section elementor-element elementor-element-4c5fcd0 elementor-section-stretched elementor-section-boxed elementor-section-height-default elementor-section-height-default\" data-id=\"4c5fcd0\" data-element_type=\"section\" data-e-type=\"section\" data-settings=\"{&quot;stretch_section&quot;:&quot;section-stretched&quot;}\">\n\t\t\t\t\t\t<div class=\"elementor-container elementor-column-gap-default\">\n\t\t\t\t\t<div class=\"elementor-column elementor-col-100 elementor-top-column elementor-element elementor-element-17552fa\" data-id=\"17552fa\" data-element_type=\"column\" data-e-type=\"column\">\n\t\t\t<div class=\"elementor-widget-wrap elementor-element-populated\">\n\t\t\t\t\t\t<div class=\"elementor-element elementor-element-211b8ad elementor-widget-divider--view-line_icon elementor-view-default elementor-widget-divider--element-align-center elementor-widget elementor-widget-divider\" data-id=\"211b8ad\" data-element_type=\"widget\" data-e-type=\"widget\" data-widget_type=\"divider.default\">\n\t\t\t\t\t\t\t<div class=\"elementor-divider\">\n\t\t\t<span class=\"elementor-divider-separator\">\n\t\t\t\t\t\t\t<div class=\"elementor-icon elementor-divider__element\">\n\t\t\t\t\t<svg xmlns=\"http:\/\/www.w3.org\/2000\/svg\" width=\"64.000000pt\" height=\"64.000000pt\" viewBox=\"0 0 64.000000 64.000000\" preserveAspectRatio=\"xMidYMid meet\"><g transform=\"translate(0.000000,64.000000) scale(0.100000,-0.100000)\" fill=\"#000000\" stroke=\"none\"><path d=\"M315 630 c2 -3 -12 -4 -32 -2 -25 3 -34 1 -29 -7 10 -15 -7 -14 -23 2 -10 10 -12 8 -9 -8 2 -16 -2 -19 -20 -17 -14 2 -21 -1 -20 -10 2 -7 -8 -14 -21 -16 -19 -3 -21 -6 -10 -13 10 -6 4 -9 -21 -10 -19 -1 -27 -3 -18 -6 10 -2 18 -9 18 -14 0 -6 4 -8 9 -4 5 3 12 1 16 -5 10 -16 25 -2 25 23 0 16 3 19 9 8 10 -16 31 -6 31 15 0 9 6 14 13 11 6 -2 20 2 30 11 15 14 17 13 17 -4 1 -17 3 -17 20 5 11 13 20 18 20 12 0 -8 6 -7 20 1 17 11 22 10 30 -2 7 -12 12 -12 22 -2 18 18 38 15 46 -8 7 -19 7 -19 37 0 20 13 24 20 13 20 -9 0 -18 5 -20 12 -3 8 -31 12 -80 12 -42 1 -75 -1 -73 -4z\"><\/path><path d=\"M470 552 c0 -4 6 -14 13 -21 10 -11 10 -14 0 -18 -18 -6 -16 -40 2 -47 22 -8 18 -26 -5 -26 -25 0 -26 -14 0 -31 10 -8 22 -27 25 -44 l5 -30 -13 28 c-14 28 -27 27 -27 -4 0 -9 12 -26 28 -38 26 -20 26 -20 3 -14 l-25 6 23 -37 c24 -39 22 -58 -4 -36 -22 18 -20 -8 2 -32 14 -16 15 -21 4 -28 -11 -6 -10 -13 8 -35 15 -20 21 -23 21 -11 0 9 7 19 15 22 22 9 18 24 -5 24 -11 0 -20 4 -20 10 0 5 9 14 20 20 23 12 27 35 5 26 -21 -8 -18 14 5 44 25 32 25 43 0 30 -24 -13 -26 -5 -5 16 20 20 20 58 0 51 -25 -10 -24 8 2 33 l26 25 -24 3 c-29 4 -51 22 -26 22 12 0 17 8 17 27 0 26 -1 26 -15 7 -13 -18 -14 -18 -15 -1 0 10 5 27 11 39 13 25 5 35 -16 18 -10 -8 -15 -9 -15 -1 0 6 -4 11 -10 11 -5 0 -10 -4 -10 -8z\"><\/path><path d=\"M234 520 c-74 -30 -69 -142 6 -166 33 -11 35 -14 38 -63 3 -44 0 -51 -15 -51 -15 0 -16 -2 -3 -10 8 -5 30 -10 48 -10 32 0 32 -1 32 -48 0 -26 5 -53 12 -60 14 -14 88 -16 88 -2 0 6 -9 10 -21 10 -29 0 -59 18 -59 35 0 9 10 15 25 15 14 0 25 5 25 10 0 6 -11 10 -25 10 -36 0 -31 26 6 34 17 3 35 3 40 0 5 -3 9 2 9 10 0 9 -9 16 -21 16 -11 0 -17 4 -14 10 4 6 0 22 -9 35 -10 16 -14 35 -10 55 9 40 -17 70 -61 70 -33 0 -61 -21 -51 -38 8 -13 -44 -6 -57 7 -20 20 -13 82 12 102 29 24 67 24 81 2 9 -16 10 -15 8 7 -2 20 -9 25 -33 27 -16 1 -40 -2 -51 -7z m122 -131 c24 -26 9 -53 -32 -57 l-29 -3 23 19 c24 18 21 35 -4 25 -8 -3 -14 1 -14 10 0 13 12 24 31 26 3 1 14 -8 25 -20z m20 -104 c8 -32 5 -34 -40 -42 -36 -6 -36 -5 -36 31 0 34 1 36 35 36 29 0 36 -4 41 -25z\"><\/path><\/g><\/svg><\/div>\n\t\t\t\t\t\t<\/span>\n\t\t<\/div>\n\t\t\t\t\t\t<\/div>\n\t\t\t\t\t<\/div>\n\t\t<\/div>\n\t\t\t\t\t<\/div>\n\t\t<\/section>\n\t\t\t\t<section class=\"elementor-section elementor-top-section elementor-element elementor-element-02f0d21 elementor-section-stretched elementor-section-boxed elementor-section-height-default elementor-section-height-default\" data-id=\"02f0d21\" data-element_type=\"section\" data-e-type=\"section\" data-settings=\"{&quot;stretch_section&quot;:&quot;section-stretched&quot;}\">\n\t\t\t\t\t\t<div class=\"elementor-container elementor-column-gap-default\">\n\t\t\t\t\t<div class=\"elementor-column elementor-col-100 elementor-top-column elementor-element elementor-element-ae96301\" data-id=\"ae96301\" data-element_type=\"column\" data-e-type=\"column\">\n\t\t\t<div class=\"elementor-widget-wrap elementor-element-populated\">\n\t\t\t\t\t\t<div class=\"elementor-element elementor-element-4c73cc4 elementor-widget elementor-widget-heading\" data-id=\"4c73cc4\" data-element_type=\"widget\" data-e-type=\"widget\" data-widget_type=\"heading.default\">\n\t\t\t\t\t<h2 class=\"elementor-heading-title elementor-size-large\"><h2 class=\"elementor-heading-title elementor-size-large elementor-inline-editing pen\" data-elementor-setting-key=\"title\" data-pen-placeholder=\"Type Here...\" style=\"font-style: normal;font-weight: var( --e-global-typography-primary-font-weight );font-family: var( --e-global-typography-primary-font-family ), Sans-serif\">Convivencia Escolar<\/h2><\/h2>\t\t\t\t<\/div>\n\t\t\t\t\t<\/div>\n\t\t<\/div>\n\t\t\t\t\t<\/div>\n\t\t<\/section>\n\t\t\t\t<section class=\"elementor-section elementor-top-section elementor-element elementor-element-f67f437 elementor-section-stretched elementor-section-boxed elementor-section-height-default elementor-section-height-default\" data-id=\"f67f437\" data-element_type=\"section\" data-e-type=\"section\" data-settings=\"{&quot;stretch_section&quot;:&quot;section-stretched&quot;}\">\n\t\t\t\t\t\t<div class=\"elementor-container elementor-column-gap-default\">\n\t\t\t\t\t<div class=\"elementor-column elementor-col-25 elementor-top-column elementor-element elementor-element-4ecfe17\" data-id=\"4ecfe17\" data-element_type=\"column\" data-e-type=\"column\">\n\t\t\t<div class=\"elementor-widget-wrap elementor-element-populated\">\n\t\t\t\t\t\t<div class=\"elementor-element elementor-element-674da90 elementor-widget elementor-widget-image\" data-id=\"674da90\" data-element_type=\"widget\" data-e-type=\"widget\" data-widget_type=\"image.default\">\n\t\t\t\t\t\t\t\t\t\t\t\t\t\t\t<img loading=\"lazy\" decoding=\"async\" width=\"740\" height=\"555\" src=\"https:\/\/codeencalada.cl\/wp-content\/uploads\/2022\/09\/mj-jep.jpg\" class=\"attachment-large size-large wp-image-1187\" alt=\"\" \/>\t\t\t\t\t\t\t\t\t\t\t\t\t\t\t<\/div>\n\t\t\t\t<div class=\"elementor-element elementor-element-4f47fcc elementor-widget elementor-widget-text-editor\" data-id=\"4f47fcc\" data-element_type=\"widget\" data-e-type=\"widget\" data-widget_type=\"text-editor.default\">\n\t\t\t\t\t\t\t\t\t<p style=\"text-align: center;\"><span style=\"font-family: Roboto, sans-serif; font-size: 15px; font-style: normal; font-variant-ligatures: normal; font-variant-caps: normal; font-weight: 400;\">Mar\u00eda Jos\u00e9 Soto Fuentes<\/span><br \/><span style=\"font-style: normal; font-variant-ligatures: normal; font-variant-caps: normal; font-weight: 600; font-size: 15px; font-family: Roboto, sans-serif;\">Asistente Social<\/span><\/p>\t\t\t\t\t\t\t\t<\/div>\n\t\t\t\t\t<\/div>\n\t\t<\/div>\n\t\t\t\t<div class=\"elementor-column elementor-col-25 elementor-top-column elementor-element elementor-element-68a9c30\" data-id=\"68a9c30\" data-element_type=\"column\" data-e-type=\"column\">\n\t\t\t<div class=\"elementor-widget-wrap elementor-element-populated\">\n\t\t\t\t\t\t<div class=\"elementor-element elementor-element-590fde8 elementor-widget elementor-widget-image\" data-id=\"590fde8\" data-element_type=\"widget\" data-e-type=\"widget\" data-widget_type=\"image.default\">\n\t\t\t\t\t\t\t\t\t\t\t\t\t\t\t<img loading=\"lazy\" decoding=\"async\" width=\"740\" height=\"555\" src=\"https:\/\/codeencalada.cl\/wp-content\/uploads\/2022\/08\/IMG_5565.jpg\" class=\"attachment-large size-large wp-image-1075\" alt=\"\" \/>\t\t\t\t\t\t\t\t\t\t\t\t\t\t\t<\/div>\n\t\t\t\t<div class=\"elementor-element elementor-element-a891193 elementor-widget elementor-widget-text-editor\" data-id=\"a891193\" data-element_type=\"widget\" data-e-type=\"widget\" data-widget_type=\"text-editor.default\">\n\t\t\t\t\t\t\t\t\t<p style=\"text-align: center;\"><span style=\"font-family: Roboto, sans-serif; font-size: 15px; font-style: normal; font-variant-ligatures: normal; font-variant-caps: normal; font-weight: 400;\">Pilar Quintana Seguel<\/span><br \/><span style=\"font-style: normal; font-variant-ligatures: normal; font-variant-caps: normal; font-weight: 600; font-size: 15px; font-family: Roboto, sans-serif;\">Encargada Convivencia Escolar<\/span><\/p>\t\t\t\t\t\t\t\t<\/div>\n\t\t\t\t\t<\/div>\n\t\t<\/div>\n\t\t\t\t<div class=\"elementor-column elementor-col-25 elementor-top-column elementor-element elementor-element-b075108\" data-id=\"b075108\" data-element_type=\"column\" data-e-type=\"column\">\n\t\t\t<div class=\"elementor-widget-wrap elementor-element-populated\">\n\t\t\t\t\t\t<div class=\"elementor-element elementor-element-cffa05c elementor-widget elementor-widget-image\" data-id=\"cffa05c\" data-element_type=\"widget\" data-e-type=\"widget\" data-widget_type=\"image.default\">\n\t\t\t\t\t\t\t\t\t\t\t\t\t\t\t<img loading=\"lazy\" decoding=\"async\" width=\"740\" height=\"555\" src=\"https:\/\/codeencalada.cl\/wp-content\/uploads\/2023\/03\/IMG_0021-1.jpg\" class=\"attachment-large size-large wp-image-1643\" alt=\"\" \/>\t\t\t\t\t\t\t\t\t\t\t\t\t\t\t<\/div>\n\t\t\t\t<div class=\"elementor-element elementor-element-b7db549 elementor-widget elementor-widget-text-editor\" data-id=\"b7db549\" data-element_type=\"widget\" data-e-type=\"widget\" data-widget_type=\"text-editor.default\">\n\t\t\t\t\t\t\t\t\t<p style=\"text-align: center;\"><span style=\"font-family: Roboto, sans-serif; font-size: 15px; font-style: normal; font-variant-ligatures: normal; font-variant-caps: normal; font-weight: 400;\">Pilar Sanhueza<\/span><br \/><span style=\"font-style: normal; font-variant-ligatures: normal; font-variant-caps: normal; font-weight: 600; font-size: 15px; font-family: Roboto, sans-serif;\">Psic\u00f3loga<\/span><\/p>\t\t\t\t\t\t\t\t<\/div>\n\t\t\t\t\t<\/div>\n\t\t<\/div>\n\t\t\t\t<div class=\"elementor-column elementor-col-25 elementor-top-column elementor-element elementor-element-022c460\" data-id=\"022c460\" data-element_type=\"column\" data-e-type=\"column\">\n\t\t\t<div class=\"elementor-widget-wrap elementor-element-populated\">\n\t\t\t\t\t\t<div class=\"elementor-element elementor-element-a76402f elementor-widget elementor-widget-image\" data-id=\"a76402f\" data-element_type=\"widget\" data-e-type=\"widget\" data-widget_type=\"image.default\">\n\t\t\t\t\t\t\t\t\t\t\t\t\t\t\t<img loading=\"lazy\" decoding=\"async\" width=\"740\" height=\"555\" src=\"https:\/\/codeencalada.cl\/wp-content\/uploads\/2022\/02\/s.png\" class=\"attachment-large size-large wp-image-676\" alt=\"\" \/>\t\t\t\t\t\t\t\t\t\t\t\t\t\t\t<\/div>\n\t\t\t\t<div class=\"elementor-element elementor-element-f4d344a elementor-widget elementor-widget-text-editor\" data-id=\"f4d344a\" data-element_type=\"widget\" data-e-type=\"widget\" data-widget_type=\"text-editor.default\">\n\t\t\t\t\t\t\t\t\t<p style=\"text-align: center;\"><span style=\"font-family: Roboto, sans-serif; font-size: 15px; font-style: normal; font-variant-ligatures: normal; font-variant-caps: normal; font-weight: 400;\">Paz Hern\u00e1ndez\u00a0<\/span><br \/><span style=\"font-style: normal; font-variant-ligatures: normal; font-variant-caps: normal; font-weight: 600; font-size: 15px; font-family: Roboto, sans-serif;\">Psic\u00f3loga<\/span><\/p>\t\t\t\t\t\t\t\t<\/div>\n\t\t\t\t\t<\/div>\n\t\t<\/div>\n\t\t\t\t\t<\/div>\n\t\t<\/section>\n\t\t\t\t<section class=\"elementor-section elementor-top-section elementor-element elementor-element-92a3442 elementor-section-stretched elementor-section-boxed elementor-section-height-default elementor-section-height-default\" data-id=\"92a3442\" data-element_type=\"section\" data-e-type=\"section\" data-settings=\"{&quot;stretch_section&quot;:&quot;section-stretched&quot;}\">\n\t\t\t\t\t\t<div class=\"elementor-container elementor-column-gap-default\">\n\t\t\t\t\t<div class=\"elementor-column elementor-col-100 elementor-top-column elementor-element elementor-element-edd032a\" data-id=\"edd032a\" data-element_type=\"column\" data-e-type=\"column\">\n\t\t\t<div class=\"elementor-widget-wrap elementor-element-populated\">\n\t\t\t\t\t\t<div class=\"elementor-element elementor-element-8658b7f elementor-widget-divider--view-line_icon elementor-view-default elementor-widget-divider--element-align-center elementor-widget elementor-widget-divider\" data-id=\"8658b7f\" data-element_type=\"widget\" data-e-type=\"widget\" data-widget_type=\"divider.default\">\n\t\t\t\t\t\t\t<div class=\"elementor-divider\">\n\t\t\t<span class=\"elementor-divider-separator\">\n\t\t\t\t\t\t\t<div class=\"elementor-icon elementor-divider__element\">\n\t\t\t\t\t<svg xmlns=\"http:\/\/www.w3.org\/2000\/svg\" width=\"64.000000pt\" height=\"64.000000pt\" viewBox=\"0 0 64.000000 64.000000\" preserveAspectRatio=\"xMidYMid meet\"><g transform=\"translate(0.000000,64.000000) scale(0.100000,-0.100000)\" fill=\"#000000\" stroke=\"none\"><path d=\"M315 630 c2 -3 -12 -4 -32 -2 -25 3 -34 1 -29 -7 10 -15 -7 -14 -23 2 -10 10 -12 8 -9 -8 2 -16 -2 -19 -20 -17 -14 2 -21 -1 -20 -10 2 -7 -8 -14 -21 -16 -19 -3 -21 -6 -10 -13 10 -6 4 -9 -21 -10 -19 -1 -27 -3 -18 -6 10 -2 18 -9 18 -14 0 -6 4 -8 9 -4 5 3 12 1 16 -5 10 -16 25 -2 25 23 0 16 3 19 9 8 10 -16 31 -6 31 15 0 9 6 14 13 11 6 -2 20 2 30 11 15 14 17 13 17 -4 1 -17 3 -17 20 5 11 13 20 18 20 12 0 -8 6 -7 20 1 17 11 22 10 30 -2 7 -12 12 -12 22 -2 18 18 38 15 46 -8 7 -19 7 -19 37 0 20 13 24 20 13 20 -9 0 -18 5 -20 12 -3 8 -31 12 -80 12 -42 1 -75 -1 -73 -4z\"><\/path><path d=\"M470 552 c0 -4 6 -14 13 -21 10 -11 10 -14 0 -18 -18 -6 -16 -40 2 -47 22 -8 18 -26 -5 -26 -25 0 -26 -14 0 -31 10 -8 22 -27 25 -44 l5 -30 -13 28 c-14 28 -27 27 -27 -4 0 -9 12 -26 28 -38 26 -20 26 -20 3 -14 l-25 6 23 -37 c24 -39 22 -58 -4 -36 -22 18 -20 -8 2 -32 14 -16 15 -21 4 -28 -11 -6 -10 -13 8 -35 15 -20 21 -23 21 -11 0 9 7 19 15 22 22 9 18 24 -5 24 -11 0 -20 4 -20 10 0 5 9 14 20 20 23 12 27 35 5 26 -21 -8 -18 14 5 44 25 32 25 43 0 30 -24 -13 -26 -5 -5 16 20 20 20 58 0 51 -25 -10 -24 8 2 33 l26 25 -24 3 c-29 4 -51 22 -26 22 12 0 17 8 17 27 0 26 -1 26 -15 7 -13 -18 -14 -18 -15 -1 0 10 5 27 11 39 13 25 5 35 -16 18 -10 -8 -15 -9 -15 -1 0 6 -4 11 -10 11 -5 0 -10 -4 -10 -8z\"><\/path><path d=\"M234 520 c-74 -30 -69 -142 6 -166 33 -11 35 -14 38 -63 3 -44 0 -51 -15 -51 -15 0 -16 -2 -3 -10 8 -5 30 -10 48 -10 32 0 32 -1 32 -48 0 -26 5 -53 12 -60 14 -14 88 -16 88 -2 0 6 -9 10 -21 10 -29 0 -59 18 -59 35 0 9 10 15 25 15 14 0 25 5 25 10 0 6 -11 10 -25 10 -36 0 -31 26 6 34 17 3 35 3 40 0 5 -3 9 2 9 10 0 9 -9 16 -21 16 -11 0 -17 4 -14 10 4 6 0 22 -9 35 -10 16 -14 35 -10 55 9 40 -17 70 -61 70 -33 0 -61 -21 -51 -38 8 -13 -44 -6 -57 7 -20 20 -13 82 12 102 29 24 67 24 81 2 9 -16 10 -15 8 7 -2 20 -9 25 -33 27 -16 1 -40 -2 -51 -7z m122 -131 c24 -26 9 -53 -32 -57 l-29 -3 23 19 c24 18 21 35 -4 25 -8 -3 -14 1 -14 10 0 13 12 24 31 26 3 1 14 -8 25 -20z m20 -104 c8 -32 5 -34 -40 -42 -36 -6 -36 -5 -36 31 0 34 1 36 35 36 29 0 36 -4 41 -25z\"><\/path><\/g><\/svg><\/div>\n\t\t\t\t\t\t<\/span>\n\t\t<\/div>\n\t\t\t\t\t\t<\/div>\n\t\t\t\t\t<\/div>\n\t\t<\/div>\n\t\t\t\t\t<\/div>\n\t\t<\/section>\n\t\t\t\t<\/div>\n\t\t","protected":false},"excerpt":{"rendered":"<p>Equipo Multidisciplinario Catalina Medina\u00a0 Fonoaudi\u00f3loga Sebasti\u00e1n Vergara RuizKinesi\u00f3logo Angela P\u00e9rez \u00c1vilaPsic\u00f3loga P.I.E Convivencia Escolar Mar\u00eda Jos\u00e9 Soto FuentesAsistente Social Pilar Quintana SeguelEncargada Convivencia Escolar Pilar SanhuezaPsic\u00f3loga&#46;&#46;&#46;<\/p>\n","protected":false},"author":1,"featured_media":0,"parent":0,"menu_order":0,"comment_status":"closed","ping_status":"closed","template":"elementor_header_footer","meta":{"footnotes":""},"class_list":["post-346","page","type-page","status-publish","hentry"],"_links":{"self":[{"href":"https:\/\/codeencalada.cl\/index.php\/wp-json\/wp\/v2\/pages\/346","targetHints":{"allow":["GET"]}}],"collection":[{"href":"https:\/\/codeencalada.cl\/index.php\/wp-json\/wp\/v2\/pages"}],"about":[{"href":"https:\/\/codeencalada.cl\/index.php\/wp-json\/wp\/v2\/types\/page"}],"author":[{"embeddable":true,"href":"https:\/\/codeencalada.cl\/index.php\/wp-json\/wp\/v2\/users\/1"}],"replies":[{"embeddable":true,"href":"https:\/\/codeencalada.cl\/index.php\/wp-json\/wp\/v2\/comments?post=346"}],"version-history":[{"count":76,"href":"https:\/\/codeencalada.cl\/index.php\/wp-json\/wp\/v2\/pages\/346\/revisions"}],"predecessor-version":[{"id":2233,"href":"https:\/\/codeencalada.cl\/index.php\/wp-json\/wp\/v2\/pages\/346\/revisions\/2233"}],"wp:attachment":[{"href":"https:\/\/codeencalada.cl\/index.php\/wp-json\/wp\/v2\/media?parent=346"}],"curies":[{"name":"wp","href":"https:\/\/api.w.org\/{rel}","templated":true}]}}